{"id":44,"date":"2015-05-07T06:39:47","date_gmt":"2015-05-07T05:39:47","guid":{"rendered":"http:\/\/mieldegratens.fr\/macc\/?page_id=44"},"modified":"2019-03-04T13:31:19","modified_gmt":"2019-03-04T12:31:19","slug":"le-club","status":"publish","type":"page","link":"http:\/\/macc-31.fr\/?page_id=44","title":{"rendered":"Le club"},"content":{"rendered":"<p><strong>Un nouvel envol pour le &nbsp;MACC&nbsp;<\/strong><\/p>\n<p>&nbsp; &nbsp; &nbsp; &nbsp; &nbsp; &nbsp; &nbsp; &nbsp; &nbsp; &nbsp; &nbsp; &nbsp; &nbsp; &nbsp; &nbsp; &nbsp;Apr\u00e8s avoir \u00e9t\u00e9 spoli\u00e9 du terrain de La Brioulette &nbsp;victime d\u2019une campagne de diffamation et de calomnie honteuse et ignoble &nbsp;et sans autre forme de proc\u00e8s , le MACC s\u2019est install\u00e9 sur un nouveau terrain entre Rieux Volvestre et Goutevernisse ..Gr\u00e2ce au d\u00e9vouement et \u00e0 l\u2019opini\u00e2tret\u00e9 de Francis , Patrick et Andr\u00e9 , nous avons d\u00e9sormais une nouvelle \u00ab&nbsp;aire de jeu&nbsp;\u00bb de plusieurs hectares que nous partagerons avec un ULM \u2026<\/p>\n<p>Non le MACC n\u2019est pas mort , contrairement \u00e0 ce qui a \u00e9t\u00e9 \u00e9crit dans un article fallacieux &nbsp;paru dans \u00ab&nbsp;le petit journal \u00ab&nbsp;. &nbsp;Cette \u00e9preuve nous a rendu encore plus forts &nbsp;et l\u2019unit\u00e9 est de mise .. &nbsp; &nbsp; &nbsp; &nbsp; &nbsp; &nbsp; &nbsp; &nbsp; &nbsp; &nbsp; &nbsp; &nbsp; &nbsp; &nbsp; &nbsp; &nbsp; &nbsp; &nbsp;<\/p>\n<p>&nbsp;Pour tourner d\u00e9finitivement la page du terrain de &nbsp;Caz\u00e8res , le club s\u2019appelle d\u00e9sormais le&nbsp;<strong>Mod\u2019Aile&nbsp;Club&nbsp;Compagnie &nbsp;!&nbsp;<\/strong><\/p>\n<p><strong>Le nouveau terrain&nbsp;<\/strong><\/p>\n<p>La piste du MACC est situ\u00e9e sur la commune de Montesqieu-Volvestre, sur la route de Goutevernisse.<br>En sortant de Rieux-Volvestre, direction Saint-Julien, il faut prendre la premi\u00e8re route sur la gauche en direction de Goutevernisse &#8230;le terrain est \u00e0 environ 2kms avant &nbsp;Goutevernisse , situ\u00e9 sur la gauche , et bord\u00e9 par un hangar m\u00e9tallique abritant un ULM ..&nbsp;<\/p>\n<p>Coordonn\u00e9es GPS :&nbsp;<\/p>\n<p>latitude : 43.226634 &nbsp; longitude :1.184624 <span class=\"gpscoordinatespin\">43\u00b0 <\/span><\/p>\n<p><span class=\"gpscoordinatespin\">ou 13&prime; 35.036&Prime; N 1\u00b0 11&prime; 4.531&Prime; E<\/span><\/p>\n<p>La carte :&nbsp;<\/p>\n\n\n<figure class=\"wp-block-image\"><img decoding=\"async\" loading=\"lazy\" width=\"1024\" height=\"768\" src=\"http:\/\/macc-31.fr\/wp-content\/uploads\/2019\/03\/Capture-d\u2019\u00e9cran-2019-03-04-\u00e0-11.32.03-1024x768.png\" alt=\"\" class=\"wp-image-3872\" srcset=\"http:\/\/macc-31.fr\/wp-content\/uploads\/2019\/03\/Capture-d\u2019\u00e9cran-2019-03-04-\u00e0-11.32.03-1024x768.png 1024w, http:\/\/macc-31.fr\/wp-content\/uploads\/2019\/03\/Capture-d\u2019\u00e9cran-2019-03-04-\u00e0-11.32.03-300x225.png 300w, http:\/\/macc-31.fr\/wp-content\/uploads\/2019\/03\/Capture-d\u2019\u00e9cran-2019-03-04-\u00e0-11.32.03-768x576.png 768w, http:\/\/macc-31.fr\/wp-content\/uploads\/2019\/03\/Capture-d\u2019\u00e9cran-2019-03-04-\u00e0-11.32.03.png 1088w\" sizes=\"(max-width: 709px) 85vw, (max-width: 909px) 67vw, (max-width: 1362px) 62vw, 840px\" \/><\/figure>\n","protected":false},"excerpt":{"rendered":"<p>Un nouvel envol pour le &nbsp;MACC&nbsp; &nbsp; &nbsp; &nbsp; &nbsp; &nbsp; &nbsp; &nbsp; &nbsp; &nbsp; &nbsp; &nbsp; &nbsp; &nbsp; &nbsp; &nbsp; &nbsp;Apr\u00e8s avoir \u00e9t\u00e9 spoli\u00e9 du terrain de La Brioulette &nbsp;victime d\u2019une campagne de diffamation et de calomnie honteuse et ignoble &nbsp;et sans autre forme de proc\u00e8s , le MACC s\u2019est install\u00e9 sur un nouveau &hellip; <a href=\"http:\/\/macc-31.fr\/?page_id=44\" class=\"more-link\">Continuer la lecture<span class=\"screen-reader-text\"> de &laquo;&nbsp;Le club&nbsp;&raquo;<\/span><\/a><\/p>\n","protected":false},"author":1,"featured_media":0,"parent":0,"menu_order":1,"comment_status":"closed","ping_status":"open","template":"","meta":{"ngg_post_thumbnail":0},"_links":{"self":[{"href":"http:\/\/macc-31.fr\/index.php?rest_route=\/wp\/v2\/pages\/44"}],"collection":[{"href":"http:\/\/macc-31.fr\/index.php?rest_route=\/wp\/v2\/pages"}],"about":[{"href":"http:\/\/macc-31.fr\/index.php?rest_route=\/wp\/v2\/types\/page"}],"author":[{"embeddable":true,"href":"http:\/\/macc-31.fr\/index.php?rest_route=\/wp\/v2\/users\/1"}],"replies":[{"embeddable":true,"href":"http:\/\/macc-31.fr\/index.php?rest_route=%2Fwp%2Fv2%2Fcomments&post=44"}],"version-history":[{"count":15,"href":"http:\/\/macc-31.fr\/index.php?rest_route=\/wp\/v2\/pages\/44\/revisions"}],"predecessor-version":[{"id":3905,"href":"http:\/\/macc-31.fr\/index.php?rest_route=\/wp\/v2\/pages\/44\/revisions\/3905"}],"wp:attachment":[{"href":"http:\/\/macc-31.fr\/index.php?rest_route=%2Fwp%2Fv2%2Fmedia&parent=44"}],"curies":[{"name":"wp","href":"https:\/\/api.w.org\/{rel}","templated":true}]}}