{"id":40,"date":"2015-05-07T06:33:20","date_gmt":"2015-05-07T05:33:20","guid":{"rendered":"http:\/\/mieldegratens.fr\/macc\/?page_id=40"},"modified":"2019-03-20T11:04:31","modified_gmt":"2019-03-20T10:04:31","slug":"bienvenue","status":"publish","type":"page","link":"http:\/\/macc-31.fr\/?page_id=40","title":{"rendered":"Mod&rsquo;Aile Club Compagnie"},"content":{"rendered":"\n<h2 class=\"wp-block-heading\">Nouveau logo du club ! <\/h2>\n\n\n\n<p>Voici notre nouveau logo ! Dessin\u00e9 par Fabrice  Mascara et num\u00e9ris\u00e9 par JR , il a \u00e9t\u00e9 enrichi et finalis\u00e9 par les membres du MACC  invit\u00e9s \u00e0 livrer leurs critiques et suggestions &#8230; Un bel exemple de concertation , et le r\u00e9sultat est superbe  ! <\/p>\n\n\n\n<p>Merci \u00e0 tous pour votre collaboration ! <\/p>\n\n\n\n<figure class=\"wp-block-image\"><img decoding=\"async\" loading=\"lazy\" width=\"600\" height=\"856\" src=\"http:\/\/macc-31.fr\/wp-content\/uploads\/2019\/03\/Capture-d\u2019\u00e9cran-2019-03-08-\u00e0-11.57.48.png\" alt=\"\" class=\"wp-image-3912\" srcset=\"http:\/\/macc-31.fr\/wp-content\/uploads\/2019\/03\/Capture-d\u2019\u00e9cran-2019-03-08-\u00e0-11.57.48.png 600w, http:\/\/macc-31.fr\/wp-content\/uploads\/2019\/03\/Capture-d\u2019\u00e9cran-2019-03-08-\u00e0-11.57.48-210x300.png 210w\" sizes=\"(max-width: 600px) 85vw, 600px\" \/><\/figure>\n\n\n\n<p><\/p>\n\n\n\n<p> <\/p>\n","protected":false},"excerpt":{"rendered":"<p>Nouveau logo du club ! Voici notre nouveau logo ! Dessin\u00e9 par Fabrice Mascara et num\u00e9ris\u00e9 par JR , il a \u00e9t\u00e9 enrichi et finalis\u00e9 par les membres du MACC invit\u00e9s \u00e0 livrer leurs critiques et suggestions &#8230; Un bel exemple de concertation , et le r\u00e9sultat est superbe ! Merci \u00e0 tous pour votre &hellip; <a href=\"http:\/\/macc-31.fr\/?page_id=40\" class=\"more-link\">Continuer la lecture<span class=\"screen-reader-text\"> de &laquo;&nbsp;Mod&rsquo;Aile Club Compagnie&nbsp;&raquo;<\/span><\/a><\/p>\n","protected":false},"author":1,"featured_media":0,"parent":0,"menu_order":0,"comment_status":"closed","ping_status":"closed","template":"","meta":{"ngg_post_thumbnail":0},"_links":{"self":[{"href":"http:\/\/macc-31.fr\/index.php?rest_route=\/wp\/v2\/pages\/40"}],"collection":[{"href":"http:\/\/macc-31.fr\/index.php?rest_route=\/wp\/v2\/pages"}],"about":[{"href":"http:\/\/macc-31.fr\/index.php?rest_route=\/wp\/v2\/types\/page"}],"author":[{"embeddable":true,"href":"http:\/\/macc-31.fr\/index.php?rest_route=\/wp\/v2\/users\/1"}],"replies":[{"embeddable":true,"href":"http:\/\/macc-31.fr\/index.php?rest_route=%2Fwp%2Fv2%2Fcomments&post=40"}],"version-history":[{"count":249,"href":"http:\/\/macc-31.fr\/index.php?rest_route=\/wp\/v2\/pages\/40\/revisions"}],"predecessor-version":[{"id":3991,"href":"http:\/\/macc-31.fr\/index.php?rest_route=\/wp\/v2\/pages\/40\/revisions\/3991"}],"wp:attachment":[{"href":"http:\/\/macc-31.fr\/index.php?rest_route=%2Fwp%2Fv2%2Fmedia&parent=40"}],"curies":[{"name":"wp","href":"https:\/\/api.w.org\/{rel}","templated":true}]}}